{"id":213,"date":"2025-07-23T07:09:20","date_gmt":"2025-07-23T07:09:20","guid":{"rendered":"https:\/\/dymare.lt\/home\/"},"modified":"2025-07-29T08:17:05","modified_gmt":"2025-07-29T08:17:05","slug":"home","status":"publish","type":"page","link":"https:\/\/dymare.lt\/en\/","title":{"rendered":"Home"},"content":{"rendered":"<div data-elementor-type=\"wp-page\" data-elementor-id=\"213\" class=\"elementor elementor-213\" data-elementor-post-type=\"page\">\n\t\t\t\t<div class=\"elementor-element elementor-element-5b87a71b e-con-full e-flex e-con e-parent\" data-id=\"5b87a71b\" data-element_type=\"container\">\n\t\t<div class=\"elementor-element elementor-element-34001733 e-con-full e-flex e-con e-child\" data-id=\"34001733\" data-element_type=\"container\" data-settings=\"{&quot;background_background&quot;:&quot;classic&quot;,&quot;background_motion_fx_motion_fx_scrolling&quot;:&quot;yes&quot;,&quot;background_motion_fx_translateY_effect&quot;:&quot;yes&quot;,&quot;background_motion_fx_translateY_speed&quot;:{&quot;unit&quot;:&quot;px&quot;,&quot;size&quot;:2,&quot;sizes&quot;:[]},&quot;background_motion_fx_translateY_affectedRange&quot;:{&quot;unit&quot;:&quot;%&quot;,&quot;size&quot;:&quot;&quot;,&quot;sizes&quot;:{&quot;start&quot;:0,&quot;end&quot;:100}},&quot;background_motion_fx_devices&quot;:[&quot;desktop&quot;,&quot;tablet&quot;,&quot;mobile&quot;]}\">\n\t\t\t\t<\/div>\n\t\t<div class=\"elementor-element elementor-element-4b740d33 e-con-full e-flex e-con e-child\" data-id=\"4b740d33\" data-element_type=\"container\" data-settings=\"{&quot;background_background&quot;:&quot;classic&quot;}\">\n\t\t<div class=\"elementor-element elementor-element-797a7918 e-con-full e-flex e-con e-child\" data-id=\"797a7918\" data-element_type=\"container\" data-settings=\"{&quot;background_background&quot;:&quot;classic&quot;,&quot;background_motion_fx_motion_fx_scrolling&quot;:&quot;yes&quot;,&quot;background_motion_fx_translateX_effect&quot;:&quot;yes&quot;,&quot;background_motion_fx_translateX_speed&quot;:{&quot;unit&quot;:&quot;px&quot;,&quot;size&quot;:1,&quot;sizes&quot;:[]},&quot;background_motion_fx_translateX_affectedRange&quot;:{&quot;unit&quot;:&quot;%&quot;,&quot;size&quot;:&quot;&quot;,&quot;sizes&quot;:{&quot;start&quot;:0,&quot;end&quot;:100}},&quot;background_motion_fx_devices&quot;:[&quot;desktop&quot;,&quot;tablet&quot;,&quot;mobile&quot;]}\">\n\t\t<div class=\"elementor-element elementor-element-354416f6 e-con-full e-flex e-con e-child\" data-id=\"354416f6\" data-element_type=\"container\" data-settings=\"{&quot;position&quot;:&quot;absolute&quot;}\">\n\t\t\t\t<div class=\"elementor-element elementor-element-3d0b39be elementor-widget__width-auto elementor-invisible elementor-widget elementor-widget-heading\" data-id=\"3d0b39be\" data-element_type=\"widget\" data-settings=\"{&quot;_animation&quot;:&quot;fadeIn&quot;,&quot;_animation_delay&quot;:200}\" data-widget_type=\"heading.default\">\n\t\t\t\t\t<h1 class=\"elementor-heading-title elementor-size-default\">DYMARE<\/h1>\t\t\t\t<\/div>\n\t\t<div class=\"elementor-element elementor-element-48441bd e-con-full e-flex e-con e-child\" data-id=\"48441bd\" data-element_type=\"container\">\n\t\t\t\t<div class=\"elementor-element elementor-element-9ecd1c9 elementor-widget elementor-widget-image\" data-id=\"9ecd1c9\" data-element_type=\"widget\" data-widget_type=\"image.default\">\n\t\t\t\t\t\t\t\t\t\t\t\t\t\t\t<img fetchpriority=\"high\" decoding=\"async\" width=\"652\" height=\"608\" src=\"https:\/\/dymare.lt\/wp-content\/uploads\/2025\/07\/dymare_black_yellow.png\" class=\"attachment-large size-large wp-image-257\" alt=\"\" srcset=\"https:\/\/dymare.lt\/wp-content\/uploads\/2025\/07\/dymare_black_yellow.png 652w, https:\/\/dymare.lt\/wp-content\/uploads\/2025\/07\/dymare_black_yellow-300x280.png 300w\" sizes=\"(max-width: 652px) 100vw, 652px\" \/>\t\t\t\t\t\t\t\t\t\t\t\t\t\t\t<\/div>\n\t\t\t\t<\/div>\n\t\t\t\t<div class=\"elementor-element elementor-element-554cfa64 elementor-widget__width-initial elementor-invisible elementor-widget elementor-widget-text-editor\" data-id=\"554cfa64\" data-element_type=\"widget\" data-settings=\"{&quot;_animation&quot;:&quot;fadeIn&quot;,&quot;_animation_delay&quot;:400}\" data-widget_type=\"text-editor.default\">\n\t\t\t\t\t\t\t\t\t<p>Unleash your business potential.<\/p>\t\t\t\t\t\t\t\t<\/div>\n\t\t\t\t<div class=\"elementor-element elementor-element-8de6c9e elementor-widget__width-initial elementor-invisible elementor-widget elementor-widget-text-editor\" data-id=\"8de6c9e\" data-element_type=\"widget\" data-settings=\"{&quot;_animation&quot;:&quot;fadeIn&quot;,&quot;_animation_delay&quot;:400}\" data-widget_type=\"text-editor.default\">\n\t\t\t\t\t\t\t\t\t<p>Effective management. Strategic growth. Consulting.<\/p>\t\t\t\t\t\t\t\t<\/div>\n\t\t\t\t<\/div>\n\t\t\t\t<\/div>\n\t\t\t\t<\/div>\n\t\t\t\t<\/div>\n\t\t<div class=\"elementor-element elementor-element-5f07ce56 e-flex e-con-boxed e-con e-parent\" data-id=\"5f07ce56\" data-element_type=\"container\" id=\"about\" data-settings=\"{&quot;background_background&quot;:&quot;classic&quot;}\">\n\t\t\t\t\t<div class=\"e-con-inner\">\n\t\t\t\t<div class=\"elementor-element elementor-element-33095f69 elementor-widget elementor-widget-heading\" data-id=\"33095f69\" data-element_type=\"widget\" data-widget_type=\"heading.default\">\n\t\t\t\t\t<h2 class=\"elementor-heading-title elementor-size-default\">ABOUS US<\/h2>\t\t\t\t<\/div>\n\t\t\t\t<div class=\"elementor-element elementor-element-6d056a07 elementor-widget elementor-widget-text-editor\" data-id=\"6d056a07\" data-element_type=\"widget\" data-widget_type=\"text-editor.default\">\n\t\t\t\t\t\t\t\t\t<p style=\"text-align: justify;\" data-start=\"289\" data-end=\"538\"><strong data-start=\"289\" data-end=\"303\">UAB Dymare<\/strong> \u2013 a reliable partner striving for quality, innovation and long-term cooperation. Since the day of our establishment, our goal has been one \u2013 to provide our clients with the highest quality solutions that meet modern business needs.<\/p>\n<p style=\"text-align: justify;\" data-start=\"289\" data-end=\"538\"><span style=\"text-wrap-mode: initial; text-align: center;\">Our team consists of professionals in their field who value accuracy, responsibility, and continuous improvement. Thanks to these values, we can ensure that each client receives not only a service or product, but also a solution that creates added value.<\/span><\/p>\n<p style=\"text-align: justify;\" data-start=\"289\" data-end=\"538\"><span style=\"text-wrap-mode: initial; text-align: center;\">Operating both in Lithuania and internationally, we have gained valuable experience and established strong relationships with partners in various fields. We are flexible, results-oriented and always looking for ways to exceed our clients' expectations.<\/span><\/p>\n<p style=\"text-align: justify;\" data-start=\"289\" data-end=\"538\"><span style=\"text-wrap-mode: initial; text-align: center;\">Put your trust in great hands \u2013 <\/span><strong style=\"text-wrap-mode: initial; text-align: center;\" data-start=\"1053\" data-end=\"1067\">UAB Dymare<\/strong><span style=\"text-wrap-mode: initial; text-align: center;\"> is ready to grow with you.<\/span><\/p>\t\t\t\t\t\t\t\t<\/div>\n\t\t\t\t\t<\/div>\n\t\t\t\t<\/div>\n\t\t<div class=\"elementor-element elementor-element-7f905329 e-con-full e-flex e-con e-parent\" data-id=\"7f905329\" data-element_type=\"container\">\n\t\t<div class=\"elementor-element elementor-element-258bf79d e-con-full e-flex e-con e-child\" data-id=\"258bf79d\" data-element_type=\"container\" id=\"contact\" data-settings=\"{&quot;background_background&quot;:&quot;classic&quot;}\">\n\t\t\t\t<div class=\"elementor-element elementor-element-6c2c997c elementor-widget elementor-widget-heading\" data-id=\"6c2c997c\" data-element_type=\"widget\" data-widget_type=\"heading.default\">\n\t\t\t\t\t<h2 class=\"elementor-heading-title elementor-size-default\">CONTACTS<\/h2>\t\t\t\t<\/div>\n\t\t\t\t<div class=\"elementor-element elementor-element-7c59357e elementor-widget__width-initial elementor-widget elementor-widget-text-editor\" data-id=\"7c59357e\" data-element_type=\"widget\" data-widget_type=\"text-editor.default\">\n\t\t\t\t\t\t\t\t\t<p><strong>UAB Dymare<\/strong><br \/>H. Manto g. 20, <br \/>LT-92131 Klaip\u0117da<\/p><p>Email: <a href=\"mailto:info@dymare.lt\"><strong>info@dymare.lt<\/strong><\/a><\/p><p>Company code: <strong>307036151<\/strong> <br \/>VAT code: <strong>LT100017458619<\/strong><\/p>\t\t\t\t\t\t\t\t<\/div>\n\t\t\t\t<div class=\"elementor-element elementor-element-7c412f8a elementor-button-align-end elementor-tablet-button-align-center elementor-widget elementor-widget-form\" data-id=\"7c412f8a\" data-element_type=\"widget\" data-settings=\"{&quot;step_next_label&quot;:&quot;Next&quot;,&quot;step_previous_label&quot;:&quot;Previous&quot;,&quot;button_width&quot;:&quot;100&quot;,&quot;step_type&quot;:&quot;number_text&quot;,&quot;step_icon_shape&quot;:&quot;circle&quot;}\" data-widget_type=\"form.default\">\n\t\t\t\t\t\t\t<form class=\"elementor-form\" method=\"post\" name=\"Contact Form\" aria-label=\"Contact Form\" action=\"\">\n\t\t\t<input type=\"hidden\" name=\"post_id\" value=\"213\"\/>\n\t\t\t<input type=\"hidden\" name=\"form_id\" value=\"7c412f8a\"\/>\n\t\t\t<input type=\"hidden\" name=\"referer_title\" value=\"\" \/>\n\n\t\t\t\t\t\t\t<input type=\"hidden\" name=\"queried_id\" value=\"213\"\/>\n\t\t\t\n\t\t\t<div class=\"elementor-form-fields-wrapper elementor-labels-\">\n\t\t\t\t\t\t\t\t<div class=\"elementor-field-type-text elementor-field-group elementor-column elementor-field-group-name elementor-col-50 elementor-field-required\">\n\t\t\t\t\t\t\t\t\t\t\t\t<label for=\"form-field-name\" class=\"elementor-field-label elementor-screen-only\">\n\t\t\t\t\t\t\t\tVardas\t\t\t\t\t\t\t<\/label>\n\t\t\t\t\t\t\t\t\t\t\t\t\t\t<input size=\"1\" type=\"text\" name=\"form_fields[name]\" id=\"form-field-name\" class=\"elementor-field elementor-size-sm  elementor-field-textual\" placeholder=\"Name*\" required=\"required\">\n\t\t\t\t\t\t\t\t\t\t\t<\/div>\n\t\t\t\t\t\t\t\t<div class=\"elementor-field-type-text elementor-field-group elementor-column elementor-field-group-field_4d6fe2a elementor-col-50 elementor-field-required\">\n\t\t\t\t\t\t\t\t\t\t\t\t<label for=\"form-field-field_4d6fe2a\" class=\"elementor-field-label elementor-screen-only\">\n\t\t\t\t\t\t\t\tPavard\u0117\t\t\t\t\t\t\t<\/label>\n\t\t\t\t\t\t\t\t\t\t\t\t\t\t<input size=\"1\" type=\"text\" name=\"form_fields[field_4d6fe2a]\" id=\"form-field-field_4d6fe2a\" class=\"elementor-field elementor-size-sm  elementor-field-textual\" placeholder=\"Surname*\" required=\"required\">\n\t\t\t\t\t\t\t\t\t\t\t<\/div>\n\t\t\t\t\t\t\t\t<div class=\"elementor-field-type-email elementor-field-group elementor-column elementor-field-group-email elementor-col-50 elementor-field-required\">\n\t\t\t\t\t\t\t\t\t\t\t\t<label for=\"form-field-email\" class=\"elementor-field-label elementor-screen-only\">\n\t\t\t\t\t\t\t\tEl. pa\u0161tas\t\t\t\t\t\t\t<\/label>\n\t\t\t\t\t\t\t\t\t\t\t\t\t\t<input size=\"1\" type=\"email\" name=\"form_fields[email]\" id=\"form-field-email\" class=\"elementor-field elementor-size-sm  elementor-field-textual\" placeholder=\"Email*\" required=\"required\">\n\t\t\t\t\t\t\t\t\t\t\t<\/div>\n\t\t\t\t\t\t\t\t<div class=\"elementor-field-type-text elementor-field-group elementor-column elementor-field-group-field_da76382 elementor-col-50 elementor-field-required\">\n\t\t\t\t\t\t\t\t\t\t\t\t<label for=\"form-field-field_da76382\" class=\"elementor-field-label elementor-screen-only\">\n\t\t\t\t\t\t\t\tTema\t\t\t\t\t\t\t<\/label>\n\t\t\t\t\t\t\t\t\t\t\t\t\t\t<input size=\"1\" type=\"text\" name=\"form_fields[field_da76382]\" id=\"form-field-field_da76382\" class=\"elementor-field elementor-size-sm  elementor-field-textual\" placeholder=\"Subject*\" required=\"required\">\n\t\t\t\t\t\t\t\t\t\t\t<\/div>\n\t\t\t\t\t\t\t\t<div class=\"elementor-field-type-textarea elementor-field-group elementor-column elementor-field-group-message elementor-col-100 elementor-field-required\">\n\t\t\t\t\t\t\t\t\t\t\t\t<label for=\"form-field-message\" class=\"elementor-field-label elementor-screen-only\">\n\t\t\t\t\t\t\t\tPrane\u0161imas\t\t\t\t\t\t\t<\/label>\n\t\t\t\t\t\t<textarea class=\"elementor-field-textual elementor-field  elementor-size-sm\" name=\"form_fields[message]\" id=\"form-field-message\" rows=\"4\" placeholder=\"Message*\" required=\"required\"><\/textarea>\t\t\t\t<\/div>\n\t\t\t\t\t\t\t\t<div class=\"elementor-field-type-prosopo_procaptcha elementor-field-group elementor-column elementor-field-group-field_4568ac9 elementor-col-100\">\n\t\t\t\t\t\t\t\t\t\t\t\t<label for=\"form-field-field_4568ac9\" class=\"elementor-field-label elementor-screen-only\">\n\t\t\t\t\t\t\t\tProsopo\t\t\t\t\t\t\t<\/label>\n\t\t\t\t\t\t\n\n    <div style=\"width:100%\" class=\"prosopo-procaptcha-wp__wrapper\">\n        <prosopo-procaptcha-wp-widget class=\"prosopo-procaptcha-wp-widget\" style=\"display: block;\">\n            <div class=\"prosopo-procaptcha\"><\/div>\n        <\/prosopo-procaptcha-wp-widget>\n\n        \n        \n    <\/div>\n<input type=\"hidden\" id=\"form-field-field_4568ac9\" name=\"4568ac9\" value=\"1\">\t\t\t\t<\/div>\n\t\t\t\t\t\t\t\t<div class=\"elementor-field-group elementor-column elementor-field-type-submit elementor-col-100 e-form__buttons\">\n\t\t\t\t\t<button class=\"elementor-button elementor-size-sm\" type=\"submit\">\n\t\t\t\t\t\t<span class=\"elementor-button-content-wrapper\">\n\t\t\t\t\t\t\t\t\t\t\t\t\t\t\t\t\t\t\t\t\t\t<span class=\"elementor-button-text\">SEND<\/span>\n\t\t\t\t\t\t\t\t\t\t\t\t\t<\/span>\n\t\t\t\t\t<\/button>\n\t\t\t\t<\/div>\n\t\t\t<\/div>\n\t\t<input type=\"hidden\" name=\"trp-form-language\" value=\"en\"\/><\/form>\n\t\t\t\t\t\t<\/div>\n\t\t\t\t<\/div>\n\t\t<div class=\"elementor-element elementor-element-418a676e e-con-full e-flex e-con e-child\" data-id=\"418a676e\" data-element_type=\"container\" data-settings=\"{&quot;background_background&quot;:&quot;classic&quot;,&quot;background_motion_fx_motion_fx_scrolling&quot;:&quot;yes&quot;,&quot;background_motion_fx_translateX_effect&quot;:&quot;yes&quot;,&quot;background_motion_fx_translateX_speed&quot;:{&quot;unit&quot;:&quot;px&quot;,&quot;size&quot;:2,&quot;sizes&quot;:[]},&quot;background_motion_fx_translateX_affectedRange&quot;:{&quot;unit&quot;:&quot;%&quot;,&quot;size&quot;:&quot;&quot;,&quot;sizes&quot;:{&quot;start&quot;:0,&quot;end&quot;:100}},&quot;background_motion_fx_devices&quot;:[&quot;desktop&quot;,&quot;tablet&quot;,&quot;mobile&quot;]}\">\n\t\t\t\t<\/div>\n\t\t\t\t<\/div>\n\t\t\t\t<\/div>","protected":false},"excerpt":{"rendered":"<p>DYMARE Atskleiskite savo verslo potencial\u0105. Efektyvus valdymas. Strateginis augimas. Konsultacijos. APIE \u012eMON\u0118 UAB Dymare \u2013 tai patikimas partneris, siekiantis kokyb\u0117s, inovacij\u0173 ir ilgalaikio bendradarbiavimo. Nuo pat \u012fk\u016brimo dienos m\u016bs\u0173 tikslas buvo vienas \u2013 teikti klientams auk\u0161\u010diausios kokyb\u0117s sprendimus, atitinkan\u010dius \u0161iuolaikinius verslo poreikius. M\u016bs\u0173 komand\u0105 sudaro savo srities profesionalai, kurie vertina tikslum\u0105, atsakomyb\u0119 ir nuolatin\u012f tobul\u0117jim\u0105. [&hellip;]<\/p>","protected":false},"author":1,"featured_media":0,"parent":0,"menu_order":0,"comment_status":"closed","ping_status":"closed","template":"elementor_header_footer","meta":{"footnotes":""},"class_list":["post-213","page","type-page","status-publish","hentry"],"_links":{"self":[{"href":"https:\/\/dymare.lt\/en\/wp-json\/wp\/v2\/pages\/213","targetHints":{"allow":["GET"]}}],"collection":[{"href":"https:\/\/dymare.lt\/en\/wp-json\/wp\/v2\/pages"}],"about":[{"href":"https:\/\/dymare.lt\/en\/wp-json\/wp\/v2\/types\/page"}],"author":[{"embeddable":true,"href":"https:\/\/dymare.lt\/en\/wp-json\/wp\/v2\/users\/1"}],"replies":[{"embeddable":true,"href":"https:\/\/dymare.lt\/en\/wp-json\/wp\/v2\/comments?post=213"}],"version-history":[{"count":0,"href":"https:\/\/dymare.lt\/en\/wp-json\/wp\/v2\/pages\/213\/revisions"}],"wp:attachment":[{"href":"https:\/\/dymare.lt\/en\/wp-json\/wp\/v2\/media?parent=213"}],"curies":[{"name":"wp","href":"https:\/\/api.w.org\/{rel}","templated":true}]}}